{"id":5,"date":"2018-09-12T06:15:32","date_gmt":"2018-09-12T06:15:32","guid":{"rendered":"https:\/\/sgwpdemo.com\/default\/?page_id=5"},"modified":"2020-10-17T21:10:29","modified_gmt":"2020-10-18T01:10:29","slug":"contact","status":"publish","type":"page","link":"https:\/\/test.acsion.org\/en\/contact\/","title":{"rendered":"Contact Us"},"content":{"rendered":"\t\t<div data-elementor-type=\"wp-page\" data-elementor-id=\"5\" class=\"elementor elementor-5\" data-elementor-post-type=\"page\">\n\t\t\t\t\t\t<section data-particle_enable=\"false\" data-particle-mobile-disabled=\"false\" class=\"elementor-section elementor-top-section elementor-element elementor-element-dd6fdf0 elementor-section-boxed elementor-section-height-default elementor-section-height-default\" data-id=\"dd6fdf0\" data-element_type=\"section\" data-e-type=\"section\">\n\t\t\t\t\t\t<div class=\"elementor-container elementor-column-gap-default\">\n\t\t\t\t\t<div class=\"elementor-column elementor-col-100 elementor-top-column elementor-element elementor-element-623cd9f\" data-id=\"623cd9f\" data-element_type=\"column\" data-e-type=\"column\">\n\t\t\t<div class=\"elementor-widget-wrap elementor-element-populated\">\n\t\t\t\t\t\t<section data-particle_enable=\"false\" data-particle-mobile-disabled=\"false\" class=\"elementor-section elementor-inner-section elementor-element elementor-element-81948b9 elementor-section-boxed elementor-section-height-default elementor-section-height-default\" data-id=\"81948b9\" data-element_type=\"section\" data-e-type=\"section\">\n\t\t\t\t\t\t<div class=\"elementor-container elementor-column-gap-default\">\n\t\t\t\t\t<div class=\"elementor-column elementor-col-50 elementor-inner-column elementor-element elementor-element-b7c4e9e\" data-id=\"b7c4e9e\" data-element_type=\"column\" data-e-type=\"column\" data-settings=\"{&quot;background_background&quot;:&quot;classic&quot;}\">\n\t\t\t<div class=\"elementor-widget-wrap elementor-element-populated\">\n\t\t\t\t\t\t<div class=\"elementor-element elementor-element-d7b3711 elementor-widget elementor-widget-heading\" data-id=\"d7b3711\" data-element_type=\"widget\" data-e-type=\"widget\" data-widget_type=\"heading.default\">\n\t\t\t\t<div class=\"elementor-widget-container\">\n\t\t\t\t\t<h2 class=\"elementor-heading-title elementor-size-default\">ACSioN Canada<br>(Core administration)<\/h2>\t\t\t\t<\/div>\n\t\t\t\t<\/div>\n\t\t\t\t<div class=\"elementor-element elementor-element-a4c89ab elementor-widget elementor-widget-text-editor\" data-id=\"a4c89ab\" data-element_type=\"widget\" data-e-type=\"widget\" data-widget_type=\"text-editor.default\">\n\t\t\t\t<div class=\"elementor-widget-container\">\n\t\t\t\t\t\t\t\t\t<div style=\"text-align: right;\">Mailing address:<\/div><div style=\"text-align: right;\">ACSioN Network of Canada (R\u00e9seau ACSioN du Canada)<\/div><div style=\"text-align: right;\">3450 rue Saint-Denis, suite 151<\/div><div style=\"text-align: right;\">Montr\u00e9al, Qu\u00e9bec, CANADA H2X3L3<\/div><div><div style=\"text-align: right;\">Phone: (514) 500-8581<\/div><\/div>\t\t\t\t\t\t\t\t<\/div>\n\t\t\t\t<\/div>\n\t\t\t\t\t<\/div>\n\t\t<\/div>\n\t\t\t\t<div class=\"elementor-column elementor-col-50 elementor-inner-column elementor-element elementor-element-5c53524\" data-id=\"5c53524\" data-element_type=\"column\" data-e-type=\"column\" data-settings=\"{&quot;background_background&quot;:&quot;classic&quot;}\">\n\t\t\t<div class=\"elementor-widget-wrap elementor-element-populated\">\n\t\t\t\t\t\t<div class=\"elementor-element elementor-element-33f6104 elementor-widget elementor-widget-google_maps\" data-id=\"33f6104\" data-element_type=\"widget\" data-e-type=\"widget\" data-widget_type=\"google_maps.default\">\n\t\t\t\t<div class=\"elementor-widget-container\">\n\t\t\t\t\t\t\t<div class=\"elementor-custom-embed\">\n\t\t\t<iframe loading=\"lazy\"\n\t\t\t\t\tsrc=\"https:\/\/maps.google.com\/maps?q=H2X3L3&#038;t=m&#038;z=14&#038;output=embed&#038;iwloc=near\"\n\t\t\t\t\ttitle=\"H2X3L3\"\n\t\t\t\t\taria-label=\"H2X3L3\"\n\t\t\t><\/iframe>\n\t\t<\/div>\n\t\t\t\t\t\t<\/div>\n\t\t\t\t<\/div>\n\t\t\t\t\t<\/div>\n\t\t<\/div>\n\t\t\t\t\t<\/div>\n\t\t<\/section>\n\t\t\t\t<section data-particle_enable=\"false\" data-particle-mobile-disabled=\"false\" class=\"elementor-section elementor-inner-section elementor-element elementor-element-e9a0210 elementor-section-boxed elementor-section-height-default elementor-section-height-default\" data-id=\"e9a0210\" data-element_type=\"section\" data-e-type=\"section\">\n\t\t\t\t\t\t<div class=\"elementor-container elementor-column-gap-default\">\n\t\t\t\t\t<div class=\"elementor-column elementor-col-50 elementor-inner-column elementor-element elementor-element-bdb856d\" data-id=\"bdb856d\" data-element_type=\"column\" data-e-type=\"column\" data-settings=\"{&quot;background_background&quot;:&quot;classic&quot;}\">\n\t\t\t<div class=\"elementor-widget-wrap elementor-element-populated\">\n\t\t\t\t\t\t<div class=\"elementor-element elementor-element-50188af elementor-widget elementor-widget-google_maps\" data-id=\"50188af\" data-element_type=\"widget\" data-e-type=\"widget\" data-widget_type=\"google_maps.default\">\n\t\t\t\t<div class=\"elementor-widget-container\">\n\t\t\t\t\t\t\t<div class=\"elementor-custom-embed\">\n\t\t\t<iframe loading=\"lazy\"\n\t\t\t\t\tsrc=\"https:\/\/maps.google.com\/maps?q=H3G1M8&#038;t=m&#038;z=14&#038;output=embed&#038;iwloc=near\"\n\t\t\t\t\ttitle=\"H3G1M8\"\n\t\t\t\t\taria-label=\"H3G1M8\"\n\t\t\t><\/iframe>\n\t\t<\/div>\n\t\t\t\t\t\t<\/div>\n\t\t\t\t<\/div>\n\t\t\t\t\t<\/div>\n\t\t<\/div>\n\t\t\t\t<div class=\"elementor-column elementor-col-50 elementor-inner-column elementor-element elementor-element-c8ce463\" data-id=\"c8ce463\" data-element_type=\"column\" data-e-type=\"column\" data-settings=\"{&quot;background_background&quot;:&quot;classic&quot;}\">\n\t\t\t<div class=\"elementor-widget-wrap elementor-element-populated\">\n\t\t\t\t\t\t<div class=\"elementor-element elementor-element-212051e elementor-widget elementor-widget-heading\" data-id=\"212051e\" data-element_type=\"widget\" data-e-type=\"widget\" data-widget_type=\"heading.default\">\n\t\t\t\t<div class=\"elementor-widget-container\">\n\t\t\t\t\t<h2 class=\"elementor-heading-title elementor-size-default\">Student chapter<br>(Concordia University)<\/h2>\t\t\t\t<\/div>\n\t\t\t\t<\/div>\n\t\t\t\t<div class=\"elementor-element elementor-element-812417a elementor-widget elementor-widget-text-editor\" data-id=\"812417a\" data-element_type=\"widget\" data-e-type=\"widget\" data-widget_type=\"text-editor.default\">\n\t\t\t\t<div class=\"elementor-widget-container\">\n\t\t\t\t\t\t\t\t\t<p>Local office:<br>2150 rue Bishop, room K-201<br>Montr\u00e9al, Qu\u00e9bec, CANADA H3G1M8<\/p>\n<p>Mailing address:<br>ACSioN Network &#8211; Concordia University chapter<br>c\/o Concordia Student Union<br>1455 boul. de Maisonneuve Ouest, suite H-711<br>Montr\u00e9al, Qu\u00e9bec, CANADA H3G1M8<br>Phone: (514) 848-2424, x3530<\/p>\t\t\t\t\t\t\t\t<\/div>\n\t\t\t\t<\/div>\n\t\t\t\t\t<\/div>\n\t\t<\/div>\n\t\t\t\t\t<\/div>\n\t\t<\/section>\n\t\t\t\t\t<\/div>\n\t\t<\/div>\n\t\t\t\t\t<\/div>\n\t\t<\/section>\n\t\t\t\t<section data-particle_enable=\"false\" data-particle-mobile-disabled=\"false\" class=\"elementor-section elementor-top-section elementor-element elementor-element-489944f elementor-section-boxed elementor-section-height-default elementor-section-height-default\" data-id=\"489944f\" data-element_type=\"section\" data-e-type=\"section\">\n\t\t\t\t\t\t<div class=\"elementor-container elementor-column-gap-default\">\n\t\t\t\t\t<div class=\"elementor-column elementor-col-100 elementor-top-column elementor-element elementor-element-e05eb1e\" data-id=\"e05eb1e\" data-element_type=\"column\" data-e-type=\"column\">\n\t\t\t<div class=\"elementor-widget-wrap elementor-element-populated\">\n\t\t\t\t\t\t<div class=\"elementor-element elementor-element-dcaa82b elementor-widget-divider--separator-type-pattern elementor-widget-divider--no-spacing elementor-widget-divider--view-line elementor-widget elementor-widget-divider\" data-id=\"dcaa82b\" data-element_type=\"widget\" data-e-type=\"widget\" data-widget_type=\"divider.default\">\n\t\t\t\t<div class=\"elementor-widget-container\">\n\t\t\t\t\t\t\t<div class=\"elementor-divider\" style=\"--divider-pattern-url: url(&quot;data:image\/svg+xml,%3Csvg xmlns=&#039;http:\/\/www.w3.org\/2000\/svg&#039; preserveAspectRatio=&#039;xMidYMid meet&#039; overflow=&#039;visible&#039; height=&#039;100%&#039; viewBox=&#039;0 0 126 26&#039; fill=&#039;black&#039; stroke=&#039;none&#039;%3E%3Cpath d=&#039;M3,10.2c2.6,0,2.6,2,2.6,3.2S4.4,16.5,3,16.5s-3-1.4-3-3.2S0.4,10.2,3,10.2z M18.8,10.2c1.7,0,3.2,1.4,3.2,3.2s-1.4,3.2-3.2,3.2c-1.7,0-3.2-1.4-3.2-3.2S17,10.2,18.8,10.2z M34.6,10.2c1.5,0,2.6,1.4,2.6,3.2s-0.5,3.2-1.9,3.2c-1.5,0-3.4-1.4-3.4-3.2S33.1,10.2,34.6,10.2z M50.5,10.2c1.7,0,3.2,1.4,3.2,3.2s-1.4,3.2-3.2,3.2c-1.7,0-3.3-0.9-3.3-2.6S48.7,10.2,50.5,10.2z M66.2,10.2c1.5,0,3.4,1.4,3.4,3.2s-1.9,3.2-3.4,3.2c-1.5,0-2.6-0.4-2.6-2.1S64.8,10.2,66.2,10.2z M82.2,10.2c1.7,0.8,2.6,1.4,2.6,3.2s-0.1,3.2-1.6,3.2c-1.5,0-3.7-1.4-3.7-3.2S80.5,9.4,82.2,10.2zM98.6,10.2c1.5,0,2.6,0.4,2.6,2.1s-1.2,4.2-2.6,4.2c-1.5,0-3.7-0.4-3.7-2.1S97.1,10.2,98.6,10.2z M113.4,10.2c1.2,0,2.2,0.9,2.2,3.2s-0.1,3.2-1.3,3.2s-3.1-1.4-3.1-3.2S112.2,10.2,113.4,10.2z&#039;\/%3E%3C\/svg%3E&quot;);\">\n\t\t\t<span class=\"elementor-divider-separator\">\n\t\t\t\t\t\t<\/span>\n\t\t<\/div>\n\t\t\t\t\t\t<\/div>\n\t\t\t\t<\/div>\n\t\t\t\t\t<\/div>\n\t\t<\/div>\n\t\t\t\t\t<\/div>\n\t\t<\/section>\n\t\t\t\t<section data-particle_enable=\"false\" data-particle-mobile-disabled=\"false\" class=\"elementor-section elementor-top-section elementor-element elementor-element-f185571 elementor-section-boxed elementor-section-height-default elementor-section-height-default\" data-id=\"f185571\" data-element_type=\"section\" data-e-type=\"section\" data-settings=\"{&quot;background_background&quot;:&quot;classic&quot;}\">\n\t\t\t\t\t\t<div class=\"elementor-container elementor-column-gap-default\">\n\t\t\t\t\t<div class=\"elementor-column elementor-col-100 elementor-top-column elementor-element elementor-element-3166d39\" data-id=\"3166d39\" data-element_type=\"column\" data-e-type=\"column\" data-settings=\"{&quot;background_background&quot;:&quot;classic&quot;}\">\n\t\t\t<div class=\"elementor-widget-wrap elementor-element-populated\">\n\t\t\t\t\t\t<div class=\"elementor-element elementor-element-d5d4d15 elementor-widget elementor-widget-wp-widget-wpforms-widget\" data-id=\"d5d4d15\" data-element_type=\"widget\" data-e-type=\"widget\" data-widget_type=\"wp-widget-wpforms-widget.default\">\n\t\t\t\t<div class=\"elementor-widget-container\">\n\t\t\t\t\t<h5>For any questions or comments, please complete this form: \/\/ Pour toute question ou commentaire, veuillez compl\u00e9ter ce formulaire:<\/h5><div class=\"wpforms-container wpforms-container-full wpforms-render-modern\" id=\"wpforms-2708\"><form id=\"wpforms-form-2708\" class=\"wpforms-validate wpforms-form\" data-formid=\"2708\" method=\"post\" enctype=\"multipart\/form-data\" action=\"\/en\/wp-json\/wp\/v2\/pages\/5\" data-token=\"2437b61ea6beef6aadc3972403249f4f\" data-token-time=\"1776426741\"><noscript class=\"wpforms-error-noscript\">Please enable JavaScript in your browser to complete this form.<\/noscript><div id=\"wpforms-error-noscript\" style=\"display: none;\">Please enable JavaScript in your browser to complete this form.<\/div><div class=\"wpforms-field-container\"><div id=\"wpforms-2708-field_3-container\" class=\"wpforms-field wpforms-field-text\" data-field-id=\"3\"><label class=\"wpforms-field-label\" for=\"wpforms-2708-field_3\">First name(s) \/\/ Pr\u00e9nom(s) <span class=\"wpforms-required-label\" aria-hidden=\"true\">*<\/span><\/label><input type=\"text\" id=\"wpforms-2708-field_3\" class=\"wpforms-field-medium wpforms-field-required\" name=\"wpforms[fields][3]\" aria-errormessage=\"wpforms-2708-field_3-error\" required><\/div>\t\t<div id=\"wpforms-2708-field_4-container\"\n\t\t\tclass=\"wpforms-field wpforms-field-text\"\n\t\t\tdata-field-type=\"text\"\n\t\t\tdata-field-id=\"4\"\n\t\t\t>\n\t\t\t<label class=\"wpforms-field-label\" for=\"wpforms-2708-field_4\" >question Nom(s) \/\/<\/label>\n\t\t\t<input type=\"text\" id=\"wpforms-2708-field_4\" class=\"wpforms-field-medium\" name=\"wpforms[fields][4]\" >\n\t\t<\/div>\n\t\t<div id=\"wpforms-2708-field_5-container\" class=\"wpforms-field wpforms-field-text\" data-field-id=\"5\"><label class=\"wpforms-field-label\" for=\"wpforms-2708-field_5\">Last name(s) \/\/ Nom(s) <span class=\"wpforms-required-label\" aria-hidden=\"true\">*<\/span><\/label><input type=\"text\" id=\"wpforms-2708-field_5\" class=\"wpforms-field-medium wpforms-field-required\" name=\"wpforms[fields][5]\" aria-errormessage=\"wpforms-2708-field_5-error\" required><\/div><div id=\"wpforms-2708-field_8-container\" class=\"wpforms-field wpforms-field-text\" data-field-id=\"8\"><label class=\"wpforms-field-label\" for=\"wpforms-2708-field_8\">Organization or company \/\/ Organisation ou compagnie <span class=\"wpforms-required-label\" aria-hidden=\"true\">*<\/span><\/label><input type=\"text\" id=\"wpforms-2708-field_8\" class=\"wpforms-field-medium wpforms-field-required\" name=\"wpforms[fields][8]\" aria-errormessage=\"wpforms-2708-field_8-error\" required><\/div><div id=\"wpforms-2708-field_1-container\" class=\"wpforms-field wpforms-field-email\" data-field-id=\"1\"><label class=\"wpforms-field-label\" for=\"wpforms-2708-field_1\">Email address \/\/ Adresse courriel <span class=\"wpforms-required-label\" aria-hidden=\"true\">*<\/span><\/label><input type=\"email\" id=\"wpforms-2708-field_1\" class=\"wpforms-field-medium wpforms-field-required\" name=\"wpforms[fields][1]\" spellcheck=\"false\" aria-errormessage=\"wpforms-2708-field_1-error\" required><\/div><div id=\"wpforms-2708-field_6-container\" class=\"wpforms-field wpforms-field-phone\" data-field-id=\"6\"><label class=\"wpforms-field-label\" for=\"wpforms-2708-field_6\">Telephone no. \/\/ No. t\u00e9l\u00e9phone <span class=\"wpforms-required-label\" aria-hidden=\"true\">*<\/span><\/label><input type=\"tel\" id=\"wpforms-2708-field_6\" class=\"wpforms-field-medium wpforms-field-required wpforms-smart-phone-field\" data-rule-smart-phone-field=\"true\" name=\"wpforms[fields][6]\" aria-label=\"Telephone no. \/\/ No. t\u00e9l\u00e9phone\" aria-errormessage=\"wpforms-2708-field_6-error\" required><\/div><div id=\"wpforms-2708-field_7-container\" class=\"wpforms-field wpforms-field-radio\" data-field-id=\"7\"><fieldset><legend class=\"wpforms-field-label\">Your question or comment is about: \/\/ Cat\u00e9gorie de votre question ou commentaire: <span class=\"wpforms-required-label\" aria-hidden=\"true\">*<\/span><\/legend><ul id=\"wpforms-2708-field_7\" class=\"wpforms-field-required\"><li class=\"choice-1 depth-1\"><input type=\"radio\" id=\"wpforms-2708-field_7_1\" name=\"wpforms[fields][7]\" value=\"ACSioN website \/\/ Site web de ACSioN\" aria-errormessage=\"wpforms-2708-field_7_1-error\" required ><label class=\"wpforms-field-label-inline\" for=\"wpforms-2708-field_7_1\">ACSioN website \/\/ Site web de ACSioN<\/label><\/li><li class=\"choice-2 depth-1\"><input type=\"radio\" id=\"wpforms-2708-field_7_2\" name=\"wpforms[fields][7]\" value=\"Partnering with ACSioN \/\/ Partenariat avec ACSioN\" aria-errormessage=\"wpforms-2708-field_7_2-error\" required ><label class=\"wpforms-field-label-inline\" for=\"wpforms-2708-field_7_2\">Partnering with ACSioN \/\/ Partenariat avec ACSioN<\/label><\/li><li class=\"choice-3 depth-1\"><input type=\"radio\" id=\"wpforms-2708-field_7_3\" name=\"wpforms[fields][7]\" value=\"Other \/\/ Autre\" aria-errormessage=\"wpforms-2708-field_7_3-error\" required ><label class=\"wpforms-field-label-inline\" for=\"wpforms-2708-field_7_3\">Other \/\/ Autre<\/label><\/li><\/ul><\/fieldset><\/div><div id=\"wpforms-2708-field_2-container\" class=\"wpforms-field wpforms-field-textarea\" data-field-id=\"2\"><label class=\"wpforms-field-label\" for=\"wpforms-2708-field_2\">Question or comment \/\/ Question ou commentaire <span class=\"wpforms-required-label\" aria-hidden=\"true\">*<\/span><\/label><textarea id=\"wpforms-2708-field_2\" class=\"wpforms-field-medium wpforms-field-required\" name=\"wpforms[fields][2]\" aria-errormessage=\"wpforms-2708-field_2-error\" required><\/textarea><\/div><script>\n\t\t\t\t( function() {\n\t\t\t\t\tconst style = document.createElement( 'style' );\n\t\t\t\t\tstyle.appendChild( document.createTextNode( '#wpforms-2708-field_4-container { position: absolute !important; overflow: hidden !important; display: inline !important; height: 1px !important; width: 1px !important; z-index: -1000 !important; padding: 0 !important; } #wpforms-2708-field_4-container input { visibility: hidden; } #wpforms-conversational-form-page #wpforms-2708-field_4-container label { counter-increment: none; }' ) );\n\t\t\t\t\tdocument.head.appendChild( style );\n\t\t\t\t\tdocument.currentScript?.remove();\n\t\t\t\t} )();\n\t\t\t<\/script><\/div><!-- .wpforms-field-container --><div class=\"wpforms-submit-container\" ><input type=\"hidden\" name=\"wpforms[id]\" value=\"2708\"><input type=\"hidden\" name=\"page_title\" value=\"\"><input type=\"hidden\" name=\"page_url\" value=\"https:\/\/test.acsion.org\/en\/wp-json\/wp\/v2\/pages\/5\"><input type=\"hidden\" name=\"url_referer\" value=\"\"><button type=\"submit\" name=\"wpforms[submit]\" id=\"wpforms-submit-2708\" class=\"wpforms-submit\" data-alt-text=\"Sending... \/\/ En traitement...\" data-submit-text=\"Submit \/\/ Soumettre\" aria-live=\"assertive\" value=\"wpforms-submit\">Submit \/\/ Soumettre<\/button><\/div><\/form><\/div>  <!-- .wpforms-container -->\t\t\t\t<\/div>\n\t\t\t\t<\/div>\n\t\t\t\t\t<\/div>\n\t\t<\/div>\n\t\t\t\t\t<\/div>\n\t\t<\/section>\n\t\t\t\t<\/div>\n\t\t","protected":false},"excerpt":{"rendered":"<p>ACSioN Canada(Core administration) Mailing address:ACSioN Network of Canada (R\u00e9seau ACSioN du Canada)3450 rue Saint-Denis, suite 151Montr\u00e9al, Qu\u00e9bec, CANADA H2X3L3Phone: (514) 500-8581 Student chapter(Concordia University) Local office:2150 rue Bishop, room K-201Montr\u00e9al, Qu\u00e9bec, CANADA H3G1M8 Mailing address:ACSioN Network &#8211; Concordia University chapterc\/o Concordia Student Union1455 boul. de Maisonneuve Ouest, suite H-711Montr\u00e9al, Qu\u00e9bec, CANADA H3G1M8Phone: (514) 848-2424, x3530<\/p>\n","protected":false},"author":1,"featured_media":0,"parent":0,"menu_order":0,"comment_status":"closed","ping_status":"closed","template":"","meta":{"_acf_changed":false,"footnotes":"","_links_to":"","_links_to_target":""},"class_list":["post-5","page","type-page","status-publish","hentry"],"acf":[],"yoast_head":"<!-- This site is optimized with the Yoast SEO plugin v27.3 - https:\/\/yoast.com\/product\/yoast-seo-wordpress\/ -->\n<title>Contact Us - ACSioN Network of Canada<\/title>\n<meta name=\"robots\" content=\"noindex, follow, max-snippet:-1, max-image-preview:large, max-video-preview:-1\" \/>\n<meta property=\"og:locale\" content=\"en_US\" \/>\n<meta property=\"og:type\" content=\"article\" \/>\n<meta property=\"og:title\" content=\"Contact Us - ACSioN Network of Canada\" \/>\n<meta property=\"og:description\" content=\"ACSioN Canada(Core administration) Mailing address:ACSioN Network of Canada (R\u00e9seau ACSioN du Canada)3450 rue Saint-Denis, suite 151Montr\u00e9al, Qu\u00e9bec, CANADA H2X3L3Phone: (514) 500-8581 Student chapter(Concordia University) Local office:2150 rue Bishop, room K-201Montr\u00e9al, Qu\u00e9bec, CANADA H3G1M8 Mailing address:ACSioN Network &#8211; Concordia University chapterc\/o Concordia Student Union1455 boul. de Maisonneuve Ouest, suite H-711Montr\u00e9al, Qu\u00e9bec, CANADA H3G1M8Phone: (514) 848-2424, x3530\" \/>\n<meta property=\"og:url\" content=\"https:\/\/test.acsion.org\/en\/contact\/\" \/>\n<meta property=\"og:site_name\" content=\"ACSioN Network of Canada\" \/>\n<meta property=\"article:publisher\" content=\"https:\/\/facebook.com\/acsionnetwork\" \/>\n<meta property=\"article:modified_time\" content=\"2020-10-18T01:10:29+00:00\" \/>\n<meta name=\"twitter:card\" content=\"summary_large_image\" \/>\n<meta name=\"twitter:site\" content=\"@acsionnetwork\" \/>\n<script type=\"application\/ld+json\" class=\"yoast-schema-graph\">{\"@context\":\"https:\\\/\\\/schema.org\",\"@graph\":[{\"@type\":\"WebPage\",\"@id\":\"https:\\\/\\\/test.acsion.org\\\/en\\\/contact\\\/\",\"url\":\"https:\\\/\\\/test.acsion.org\\\/en\\\/contact\\\/\",\"name\":\"Contact Us - ACSioN Network of Canada\",\"isPartOf\":{\"@id\":\"https:\\\/\\\/test.acsion.org\\\/en\\\/#website\"},\"datePublished\":\"2018-09-12T06:15:32+00:00\",\"dateModified\":\"2020-10-18T01:10:29+00:00\",\"breadcrumb\":{\"@id\":\"https:\\\/\\\/test.acsion.org\\\/en\\\/contact\\\/#breadcrumb\"},\"inLanguage\":\"en-US\",\"potentialAction\":[{\"@type\":\"ReadAction\",\"target\":[\"https:\\\/\\\/test.acsion.org\\\/en\\\/contact\\\/\"]}]},{\"@type\":\"BreadcrumbList\",\"@id\":\"https:\\\/\\\/test.acsion.org\\\/en\\\/contact\\\/#breadcrumb\",\"itemListElement\":[{\"@type\":\"ListItem\",\"position\":1,\"name\":\"Home\",\"item\":\"https:\\\/\\\/test.acsion.org\\\/en\\\/\"},{\"@type\":\"ListItem\",\"position\":2,\"name\":\"Contact Us\"}]},{\"@type\":\"WebSite\",\"@id\":\"https:\\\/\\\/test.acsion.org\\\/en\\\/#website\",\"url\":\"https:\\\/\\\/test.acsion.org\\\/en\\\/\",\"name\":\"ACSioN Network of Canada\",\"description\":\"Welcome to the ACSioN Network of Canada \\\/\\\/ Bienvenue au R\u00e9seau ACSioN du Canada\",\"publisher\":{\"@id\":\"https:\\\/\\\/test.acsion.org\\\/en\\\/#organization\"},\"potentialAction\":[{\"@type\":\"SearchAction\",\"target\":{\"@type\":\"EntryPoint\",\"urlTemplate\":\"https:\\\/\\\/test.acsion.org\\\/en\\\/?s={search_term_string}\"},\"query-input\":{\"@type\":\"PropertyValueSpecification\",\"valueRequired\":true,\"valueName\":\"search_term_string\"}}],\"inLanguage\":\"en-US\"},{\"@type\":\"Organization\",\"@id\":\"https:\\\/\\\/test.acsion.org\\\/en\\\/#organization\",\"name\":\"ACSioN Network of Canada\",\"url\":\"https:\\\/\\\/test.acsion.org\\\/en\\\/\",\"logo\":{\"@type\":\"ImageObject\",\"inLanguage\":\"en-US\",\"@id\":\"https:\\\/\\\/test.acsion.org\\\/en\\\/#\\\/schema\\\/logo\\\/image\\\/\",\"url\":\"https:\\\/\\\/test.acsion.org\\\/wp-content\\\/uploads\\\/2019\\\/02\\\/20110201-ACSioN-Network-Logoext.png\",\"contentUrl\":\"https:\\\/\\\/test.acsion.org\\\/wp-content\\\/uploads\\\/2019\\\/02\\\/20110201-ACSioN-Network-Logoext.png\",\"width\":625,\"height\":228,\"caption\":\"ACSioN Network of Canada\"},\"image\":{\"@id\":\"https:\\\/\\\/test.acsion.org\\\/en\\\/#\\\/schema\\\/logo\\\/image\\\/\"},\"sameAs\":[\"https:\\\/\\\/facebook.com\\\/acsionnetwork\",\"https:\\\/\\\/x.com\\\/acsionnetwork\",\"https:\\\/\\\/www.instagram.com\\\/acsioncanada\",\"https:\\\/\\\/www.linkedin.com\\\/company\\\/acsion-network\\\/\",\"https:\\\/\\\/www.youtube.com\\\/user\\\/ACSioNNetworkMedia\"]}]}<\/script>\n<!-- \/ Yoast SEO plugin. -->","yoast_head_json":{"title":"Contact Us - ACSioN Network of Canada","robots":{"index":"noindex","follow":"follow","max-snippet":"max-snippet:-1","max-image-preview":"max-image-preview:large","max-video-preview":"max-video-preview:-1"},"og_locale":"en_US","og_type":"article","og_title":"Contact Us - ACSioN Network of Canada","og_description":"ACSioN Canada(Core administration) Mailing address:ACSioN Network of Canada (R\u00e9seau ACSioN du Canada)3450 rue Saint-Denis, suite 151Montr\u00e9al, Qu\u00e9bec, CANADA H2X3L3Phone: (514) 500-8581 Student chapter(Concordia University) Local office:2150 rue Bishop, room K-201Montr\u00e9al, Qu\u00e9bec, CANADA H3G1M8 Mailing address:ACSioN Network &#8211; Concordia University chapterc\/o Concordia Student Union1455 boul. de Maisonneuve Ouest, suite H-711Montr\u00e9al, Qu\u00e9bec, CANADA H3G1M8Phone: (514) 848-2424, x3530","og_url":"https:\/\/test.acsion.org\/en\/contact\/","og_site_name":"ACSioN Network of Canada","article_publisher":"https:\/\/facebook.com\/acsionnetwork","article_modified_time":"2020-10-18T01:10:29+00:00","twitter_card":"summary_large_image","twitter_site":"@acsionnetwork","schema":{"@context":"https:\/\/schema.org","@graph":[{"@type":"WebPage","@id":"https:\/\/test.acsion.org\/en\/contact\/","url":"https:\/\/test.acsion.org\/en\/contact\/","name":"Contact Us - ACSioN Network of Canada","isPartOf":{"@id":"https:\/\/test.acsion.org\/en\/#website"},"datePublished":"2018-09-12T06:15:32+00:00","dateModified":"2020-10-18T01:10:29+00:00","breadcrumb":{"@id":"https:\/\/test.acsion.org\/en\/contact\/#breadcrumb"},"inLanguage":"en-US","potentialAction":[{"@type":"ReadAction","target":["https:\/\/test.acsion.org\/en\/contact\/"]}]},{"@type":"BreadcrumbList","@id":"https:\/\/test.acsion.org\/en\/contact\/#breadcrumb","itemListElement":[{"@type":"ListItem","position":1,"name":"Home","item":"https:\/\/test.acsion.org\/en\/"},{"@type":"ListItem","position":2,"name":"Contact Us"}]},{"@type":"WebSite","@id":"https:\/\/test.acsion.org\/en\/#website","url":"https:\/\/test.acsion.org\/en\/","name":"ACSioN Network of Canada","description":"Welcome to the ACSioN Network of Canada \/\/ Bienvenue au R\u00e9seau ACSioN du Canada","publisher":{"@id":"https:\/\/test.acsion.org\/en\/#organization"},"potentialAction":[{"@type":"SearchAction","target":{"@type":"EntryPoint","urlTemplate":"https:\/\/test.acsion.org\/en\/?s={search_term_string}"},"query-input":{"@type":"PropertyValueSpecification","valueRequired":true,"valueName":"search_term_string"}}],"inLanguage":"en-US"},{"@type":"Organization","@id":"https:\/\/test.acsion.org\/en\/#organization","name":"ACSioN Network of Canada","url":"https:\/\/test.acsion.org\/en\/","logo":{"@type":"ImageObject","inLanguage":"en-US","@id":"https:\/\/test.acsion.org\/en\/#\/schema\/logo\/image\/","url":"https:\/\/test.acsion.org\/wp-content\/uploads\/2019\/02\/20110201-ACSioN-Network-Logoext.png","contentUrl":"https:\/\/test.acsion.org\/wp-content\/uploads\/2019\/02\/20110201-ACSioN-Network-Logoext.png","width":625,"height":228,"caption":"ACSioN Network of Canada"},"image":{"@id":"https:\/\/test.acsion.org\/en\/#\/schema\/logo\/image\/"},"sameAs":["https:\/\/facebook.com\/acsionnetwork","https:\/\/x.com\/acsionnetwork","https:\/\/www.instagram.com\/acsioncanada","https:\/\/www.linkedin.com\/company\/acsion-network\/","https:\/\/www.youtube.com\/user\/ACSioNNetworkMedia"]}]}},"jetpack_sharing_enabled":true,"_links":{"self":[{"href":"https:\/\/test.acsion.org\/en\/wp-json\/wp\/v2\/pages\/5","targetHints":{"allow":["GET"]}}],"collection":[{"href":"https:\/\/test.acsion.org\/en\/wp-json\/wp\/v2\/pages"}],"about":[{"href":"https:\/\/test.acsion.org\/en\/wp-json\/wp\/v2\/types\/page"}],"author":[{"embeddable":true,"href":"https:\/\/test.acsion.org\/en\/wp-json\/wp\/v2\/users\/1"}],"replies":[{"embeddable":true,"href":"https:\/\/test.acsion.org\/en\/wp-json\/wp\/v2\/comments?post=5"}],"version-history":[{"count":25,"href":"https:\/\/test.acsion.org\/en\/wp-json\/wp\/v2\/pages\/5\/revisions"}],"predecessor-version":[{"id":3639,"href":"https:\/\/test.acsion.org\/en\/wp-json\/wp\/v2\/pages\/5\/revisions\/3639"}],"wp:attachment":[{"href":"https:\/\/test.acsion.org\/en\/wp-json\/wp\/v2\/media?parent=5"}],"curies":[{"name":"wp","href":"https:\/\/api.w.org\/{rel}","templated":true}]}}