{"id":6285,"date":"2023-05-04T09:55:51","date_gmt":"2023-05-04T13:55:51","guid":{"rendered":"https:\/\/test.acsion.org\/criteres-dadmissibilite-a-laffiliation-organisationnelle-avec-acsion\/"},"modified":"2023-05-04T10:49:33","modified_gmt":"2023-05-04T14:49:33","slug":"criteres-dadmissibilite-a-laffiliation-organisationnelle-avec-acsion","status":"publish","type":"page","link":"https:\/\/test.acsion.org\/fr\/criteres-dadmissibilite-a-laffiliation-organisationnelle-avec-acsion\/","title":{"rendered":"Crit\u00e8res d&#8217;admissibilit\u00e9 \u00e0 l&#8217;affiliation organisationnelle avec ACSioN"},"content":{"rendered":"\t\t<div data-elementor-type=\"wp-page\" data-elementor-id=\"6285\" class=\"elementor elementor-6285 elementor-6215\" data-elementor-post-type=\"page\">\n\t\t\t\t\t\t<section data-particle_enable=\"false\" data-particle-mobile-disabled=\"false\" class=\"elementor-section elementor-top-section elementor-element elementor-element-189f93e elementor-section-boxed elementor-section-height-default elementor-section-height-default\" data-id=\"189f93e\" data-element_type=\"section\" data-e-type=\"section\">\n\t\t\t\t\t\t<div class=\"elementor-container elementor-column-gap-default\">\n\t\t\t\t\t<div class=\"elementor-column elementor-col-100 elementor-top-column elementor-element elementor-element-d075b23\" data-id=\"d075b23\" data-element_type=\"column\" data-e-type=\"column\">\n\t\t\t<div class=\"elementor-widget-wrap elementor-element-populated\">\n\t\t\t\t\t\t<div class=\"elementor-element elementor-element-99447e0 elementor-widget elementor-widget-text-editor\" data-id=\"99447e0\" data-element_type=\"widget\" data-e-type=\"widget\" data-widget_type=\"text-editor.default\">\n\t\t\t\t<div class=\"elementor-widget-container\">\n\t\t\t\t\t\t\t\t\t<p><span data-sheets-value=\"{&quot;1&quot;:2,&quot;2&quot;:&quot;Afin d'obtenir ou conserver son affiliation avec ACSioN Canada, et donc son statut en tant qu'Organisme d'\u00c9tudiants Affili\u00e9 avec le R\u00e9seau ACSioN (OEAR), un OMEDA devrait \u00eatre:&quot;}\" data-sheets-userformat=\"{&quot;2&quot;:769,&quot;3&quot;:{&quot;1&quot;:0},&quot;11&quot;:4,&quot;12&quot;:0}\">Afin d&#8217;obtenir ou conserver son affiliation avec ACSioN Canada, et donc son statut en tant qu&#8217;Organisme d&#8217;\u00c9tudiants Affili\u00e9 avec le R\u00e9seau ACSioN (OEAR), un OMEDA devrait \u00eatre:<\/span><\/p>\t\t\t\t\t\t\t\t<\/div>\n\t\t\t\t<\/div>\n\t\t\t\t<div class=\"elementor-element elementor-element-240809a elementor-widget elementor-widget-toggle\" data-id=\"240809a\" data-element_type=\"widget\" data-e-type=\"widget\" data-widget_type=\"toggle.default\">\n\t\t\t\t<div class=\"elementor-widget-container\">\n\t\t\t\t\t\t\t<div class=\"elementor-toggle\">\n\t\t\t\t\t\t\t<div class=\"elementor-toggle-item\">\n\t\t\t\t\t<div id=\"elementor-tab-title-3771\" class=\"elementor-tab-title\" data-tab=\"1\" role=\"button\" aria-controls=\"elementor-tab-content-3771\" aria-expanded=\"false\">\n\t\t\t\t\t\t\t\t\t\t\t\t<span class=\"elementor-toggle-icon elementor-toggle-icon-left\" aria-hidden=\"true\">\n\t\t\t\t\t\t\t\t\t\t\t\t\t\t\t<span class=\"elementor-toggle-icon-closed\"><i class=\"fas fa-angle-down\"><\/i><\/span>\n\t\t\t\t\t\t\t\t<span class=\"elementor-toggle-icon-opened\"><i class=\"elementor-toggle-icon-opened fas fa-angle-up\"><\/i><\/span>\n\t\t\t\t\t\t\t\t\t\t\t\t\t<\/span>\n\t\t\t\t\t\t\t\t\t\t\t\t<a class=\"elementor-toggle-title\" tabindex=\"0\">1. Un vrai OMEDA.<\/a>\n\t\t\t\t\t<\/div>\n\n\t\t\t\t\t<div id=\"elementor-tab-content-3771\" class=\"elementor-tab-content elementor-clearfix\" data-tab=\"1\" role=\"region\" aria-labelledby=\"elementor-tab-title-3771\"><p><span data-sheets-value=\"{&quot;1&quot;:2,&quot;2&quot;:&quot;1. Un vrai OMEDA.\\n\\&quot;OMEDA\\&quot;, c'est l'acronyme qu'ACSioN utilise pour d\u00e9crire un Organisme qui repr\u00e9sente Majoritairement des \u00c9tudiant.e.s issu.e.s de la Diaspora Africaine. (par ex.: une association africaine, cara\u00efb\u00e9enne, noire, ha\u00eftienne, s\u00e9n\u00e9galaise, etc.)\\n\\nAfin d'\u00eatre reconnu comme OMEDA, le conseil d'administration ou bien la direction du groupe en question, ainsi que ses membres, doivent \u00eatre majoritairement des \u00e9tudiant.e.s adultes d'ascendance africaine, et le groupe doit perp\u00e9tuellement avoir comme premi\u00e8re raison d'\u00eatre (mais pas necessairement la seule) la satisfaction des besoins et int\u00e9r\u00eats des \u00e9tudiant.e.s d'ascendance africaine de n'importe quelle nationalit\u00e9 (mais pas n\u00e9cessairement toutes les nationalit\u00e9s).&quot;}\" data-sheets-userformat=\"{&quot;2&quot;:769,&quot;3&quot;:{&quot;1&quot;:0},&quot;11&quot;:4,&quot;12&quot;:0}\">&#8220;OMEDA&#8221;, c&#8217;est l&#8217;acronyme qu&#8217;ACSioN utilise pour d\u00e9crire un Organisme qui repr\u00e9sente Majoritairement des \u00c9tudiant.e.s issu.e.s de la Diaspora Africaine. (par ex.: une association africaine, cara\u00efb\u00e9enne, noire, ha\u00eftienne, s\u00e9n\u00e9galaise, etc.)<br \/><br \/>Afin d&#8217;\u00eatre reconnu comme OMEDA, le conseil d&#8217;administration ou bien la direction du groupe en question, ainsi que ses membres, doivent \u00eatre majoritairement des \u00e9tudiant.e.s adultes d&#8217;ascendance africaine, et le groupe doit perp\u00e9tuellement avoir comme premi\u00e8re raison d&#8217;\u00eatre (mais pas necessairement la seule) la satisfaction des besoins et int\u00e9r\u00eats des \u00e9tudiant.e.s d&#8217;ascendance africaine de n&#8217;importe quelle nationalit\u00e9 (mais pas n\u00e9cessairement toutes les nationalit\u00e9s).<\/span><\/p><\/div>\n\t\t\t\t<\/div>\n\t\t\t\t\t\t\t<div class=\"elementor-toggle-item\">\n\t\t\t\t\t<div id=\"elementor-tab-title-3772\" class=\"elementor-tab-title\" data-tab=\"2\" role=\"button\" aria-controls=\"elementor-tab-content-3772\" aria-expanded=\"false\">\n\t\t\t\t\t\t\t\t\t\t\t\t<span class=\"elementor-toggle-icon elementor-toggle-icon-left\" aria-hidden=\"true\">\n\t\t\t\t\t\t\t\t\t\t\t\t\t\t\t<span class=\"elementor-toggle-icon-closed\"><i class=\"fas fa-angle-down\"><\/i><\/span>\n\t\t\t\t\t\t\t\t<span class=\"elementor-toggle-icon-opened\"><i class=\"elementor-toggle-icon-opened fas fa-angle-up\"><\/i><\/span>\n\t\t\t\t\t\t\t\t\t\t\t\t\t<\/span>\n\t\t\t\t\t\t\t\t\t\t\t\t<a class=\"elementor-toggle-title\" tabindex=\"0\">2. Actif et distinct.<\/a>\n\t\t\t\t\t<\/div>\n\n\t\t\t\t\t<div id=\"elementor-tab-content-3772\" class=\"elementor-tab-content elementor-clearfix\" data-tab=\"2\" role=\"region\" aria-labelledby=\"elementor-tab-title-3772\"><p><span data-sheets-value=\"{&quot;1&quot;:2,&quot;2&quot;:&quot;2. Actif et distinct.\\nLe groupe doit avoir organis\u00e9 au moins 1 \u00e9v\u00e9nement pour tous ses membres au cours de la derni\u00e8re ann\u00e9e scolaire, qui ne s'agissait PAS d'une collaboration avec un autre groupe.)&quot;}\" data-sheets-userformat=\"{&quot;2&quot;:769,&quot;3&quot;:{&quot;1&quot;:0},&quot;11&quot;:4,&quot;12&quot;:0}\">Le groupe doit avoir organis\u00e9 au moins 1 \u00e9v\u00e9nement pour tous ses membres au cours de la derni\u00e8re ann\u00e9e scolaire, qui ne s&#8217;agissait PAS d&#8217;une collaboration avec un autre groupe.<\/span><\/p><\/div>\n\t\t\t\t<\/div>\n\t\t\t\t\t\t\t<div class=\"elementor-toggle-item\">\n\t\t\t\t\t<div id=\"elementor-tab-title-3773\" class=\"elementor-tab-title\" data-tab=\"3\" role=\"button\" aria-controls=\"elementor-tab-content-3773\" aria-expanded=\"false\">\n\t\t\t\t\t\t\t\t\t\t\t\t<span class=\"elementor-toggle-icon elementor-toggle-icon-left\" aria-hidden=\"true\">\n\t\t\t\t\t\t\t\t\t\t\t\t\t\t\t<span class=\"elementor-toggle-icon-closed\"><i class=\"fas fa-angle-down\"><\/i><\/span>\n\t\t\t\t\t\t\t\t<span class=\"elementor-toggle-icon-opened\"><i class=\"elementor-toggle-icon-opened fas fa-angle-up\"><\/i><\/span>\n\t\t\t\t\t\t\t\t\t\t\t\t\t<\/span>\n\t\t\t\t\t\t\t\t\t\t\t\t<a class=\"elementor-toggle-title\" tabindex=\"0\">3. Original.<\/a>\n\t\t\t\t\t<\/div>\n\n\t\t\t\t\t<div id=\"elementor-tab-content-3773\" class=\"elementor-tab-content elementor-clearfix\" data-tab=\"3\" role=\"region\" aria-labelledby=\"elementor-tab-title-3773\"><p><span data-sheets-value=\"{&quot;1&quot;:2,&quot;2&quot;:&quot;3. Original.\\nIl doit \u00eatre un groupe dont la mission, la raison d'\u00eatre, et\/ou les activit\u00e9s principales ne sont pas redondantes par rapport \u00e0 celles des autres OMEDAs en vigeur qui sont soit bas\u00e9s \u00e0 la m\u00eame institution ou qui desservent la m\u00eame r\u00e9gion.)&quot;}\" data-sheets-userformat=\"{&quot;2&quot;:769,&quot;3&quot;:{&quot;1&quot;:0},&quot;11&quot;:4,&quot;12&quot;:0}\">Il doit \u00eatre un groupe dont la mission, la raison d&#8217;\u00eatre, et\/ou les activit\u00e9s principales ne sont pas redondantes par rapport \u00e0 celles des autres OMEDAs en vigeur qui sont soit bas\u00e9s \u00e0 la m\u00eame institution, soit r\u00e9pondant aux besoins de la m\u00eame r\u00e9gion.<\/span><\/p><\/div>\n\t\t\t\t<\/div>\n\t\t\t\t\t\t\t<div class=\"elementor-toggle-item\">\n\t\t\t\t\t<div id=\"elementor-tab-title-3774\" class=\"elementor-tab-title\" data-tab=\"4\" role=\"button\" aria-controls=\"elementor-tab-content-3774\" aria-expanded=\"false\">\n\t\t\t\t\t\t\t\t\t\t\t\t<span class=\"elementor-toggle-icon elementor-toggle-icon-left\" aria-hidden=\"true\">\n\t\t\t\t\t\t\t\t\t\t\t\t\t\t\t<span class=\"elementor-toggle-icon-closed\"><i class=\"fas fa-angle-down\"><\/i><\/span>\n\t\t\t\t\t\t\t\t<span class=\"elementor-toggle-icon-opened\"><i class=\"elementor-toggle-icon-opened fas fa-angle-up\"><\/i><\/span>\n\t\t\t\t\t\t\t\t\t\t\t\t\t<\/span>\n\t\t\t\t\t\t\t\t\t\t\t\t<a class=\"elementor-toggle-title\" tabindex=\"0\">4. Officiel.<\/a>\n\t\t\t\t\t<\/div>\n\n\t\t\t\t\t<div id=\"elementor-tab-content-3774\" class=\"elementor-tab-content elementor-clearfix\" data-tab=\"4\" role=\"region\" aria-labelledby=\"elementor-tab-title-3774\"><p><span data-sheets-value=\"{&quot;1&quot;:2,&quot;2&quot;:&quot;4. Officiel.\\nLe groupe doit \u00eatre reconnu correctement par son institution d'\u00e9ducation post-secondaire, et\/ou un ordre professionnel.&quot;}\" data-sheets-userformat=\"{&quot;2&quot;:769,&quot;3&quot;:{&quot;1&quot;:0},&quot;11&quot;:4,&quot;12&quot;:0}\">Le groupe doit \u00eatre reconnu correctement par son institution d&#8217;\u00e9ducation post-secondaire, et\/ou un ordre\/organisme professionnel.<\/span><\/p><\/div>\n\t\t\t\t<\/div>\n\t\t\t\t\t\t\t<div class=\"elementor-toggle-item\">\n\t\t\t\t\t<div id=\"elementor-tab-title-3775\" class=\"elementor-tab-title\" data-tab=\"5\" role=\"button\" aria-controls=\"elementor-tab-content-3775\" aria-expanded=\"false\">\n\t\t\t\t\t\t\t\t\t\t\t\t<span class=\"elementor-toggle-icon elementor-toggle-icon-left\" aria-hidden=\"true\">\n\t\t\t\t\t\t\t\t\t\t\t\t\t\t\t<span class=\"elementor-toggle-icon-closed\"><i class=\"fas fa-angle-down\"><\/i><\/span>\n\t\t\t\t\t\t\t\t<span class=\"elementor-toggle-icon-opened\"><i class=\"elementor-toggle-icon-opened fas fa-angle-up\"><\/i><\/span>\n\t\t\t\t\t\t\t\t\t\t\t\t\t<\/span>\n\t\t\t\t\t\t\t\t\t\t\t\t<a class=\"elementor-toggle-title\" tabindex=\"0\">5. Dirig\u00e9 par des \u00e9tudiants, de fa\u00e7on ouverte, responsable, et d\u00e9mocratique.<\/a>\n\t\t\t\t\t<\/div>\n\n\t\t\t\t\t<div id=\"elementor-tab-content-3775\" class=\"elementor-tab-content elementor-clearfix\" data-tab=\"5\" role=\"region\" aria-labelledby=\"elementor-tab-title-3775\"><p><span data-sheets-value=\"{&quot;1&quot;:2,&quot;2&quot;:&quot;5. Dirig\u00e9 par des \u00e9tudiants, de fa\u00e7on ouverte, responsable, et d\u00e9mocratique.\\nDes \u00e9lections libres, justes, et r\u00e9guli\u00e8res sont organis\u00e9es afin de d\u00e9terminer qui si\u00e8gera au conseil d'administration (CA) du groupe, ou bien si des nominations au CA sont faits, les \u00e9tudiants membres du groupe eux-m\u00eames en d\u00e9terminent les r\u00e9sultats ultimes.&quot;}\" data-sheets-userformat=\"{&quot;2&quot;:769,&quot;3&quot;:{&quot;1&quot;:0},&quot;11&quot;:4,&quot;12&quot;:0}\">Des \u00e9lections libres, justes, et r\u00e9guli\u00e8res sont organis\u00e9es afin de d\u00e9terminer qui si\u00e8gera au conseil d&#8217;administration (CA) du groupe, et au cas o\u00f9 des nominations au CA sont faits, les \u00e9tudiants membres du groupe eux-m\u00eames en d\u00e9terminent les r\u00e9sultats ultimes.<\/span><\/p><\/div>\n\t\t\t\t<\/div>\n\t\t\t\t\t\t\t\t<\/div>\n\t\t\t\t\t\t<\/div>\n\t\t\t\t<\/div>\n\t\t\t\t<div class=\"elementor-element elementor-element-b9ffadb elementor-widget elementor-widget-text-editor\" data-id=\"b9ffadb\" data-element_type=\"widget\" data-e-type=\"widget\" data-widget_type=\"text-editor.default\">\n\t\t\t\t<div class=\"elementor-widget-container\">\n\t\t\t\t\t\t\t\t\t<p><span data-sheets-value=\"{&quot;1&quot;:2,&quot;2&quot;:&quot;ACSioN Canada se r\u00e9serve en tout temps le droit de reviser ses crit\u00e8res d'admissibilit\u00e9 ainsi que la liste d'OMEDAs \u00e9ligibles \u00e0 sa discretion.&quot;}\" data-sheets-userformat=\"{&quot;2&quot;:769,&quot;3&quot;:{&quot;1&quot;:0},&quot;11&quot;:4,&quot;12&quot;:0}\">ACSioN Canada se r\u00e9serve en tout temps le droit de reviser ses crit\u00e8res d&#8217;admissibilit\u00e9 ainsi que la liste d&#8217;OMEDAs admissibles \u00e0 sa discretion.<\/span><\/p>\t\t\t\t\t\t\t\t<\/div>\n\t\t\t\t<\/div>\n\t\t\t\t\t<\/div>\n\t\t<\/div>\n\t\t\t\t\t<\/div>\n\t\t<\/section>\n\t\t\t\t<\/div>\n\t\t","protected":false},"excerpt":{"rendered":"<p>Afin d&#8217;obtenir ou conserver son affiliation avec ACSioN Canada, et donc son statut en tant qu&#8217;Organisme d&#8217;\u00c9tudiants Affili\u00e9 avec le R\u00e9seau ACSioN (OEAR), un OMEDA devrait \u00eatre: 1. Un vrai OMEDA. &#8220;OMEDA&#8221;, c&#8217;est l&#8217;acronyme qu&#8217;ACSioN utilise pour d\u00e9crire un Organisme qui repr\u00e9sente Majoritairement des \u00c9tudiant.e.s issu.e.s de la Diaspora Africaine. (par ex.: une association africaine, [&hellip;]<\/p>\n","protected":false},"author":1,"featured_media":0,"parent":0,"menu_order":0,"comment_status":"closed","ping_status":"closed","template":"","meta":{"_acf_changed":false,"footnotes":"","_links_to":"","_links_to_target":""},"class_list":["post-6285","page","type-page","status-publish","hentry"],"acf":[],"yoast_head":"<!-- This site is optimized with the Yoast SEO plugin v27.3 - https:\/\/yoast.com\/product\/yoast-seo-wordpress\/ -->\n<title>Crit\u00e8res d&#039;admissibilit\u00e9 \u00e0 l&#039;affiliation organisationnelle avec ACSioN - ACSioN Network of Canada<\/title>\n<meta name=\"robots\" content=\"noindex, follow, max-snippet:-1, max-image-preview:large, max-video-preview:-1\" \/>\n<meta property=\"og:locale\" content=\"fr_FR\" \/>\n<meta property=\"og:type\" content=\"article\" \/>\n<meta property=\"og:title\" content=\"Crit\u00e8res d&#039;admissibilit\u00e9 \u00e0 l&#039;affiliation organisationnelle avec ACSioN - ACSioN Network of Canada\" \/>\n<meta property=\"og:description\" content=\"Afin d&#8217;obtenir ou conserver son affiliation avec ACSioN Canada, et donc son statut en tant qu&#8217;Organisme d&#8217;\u00c9tudiants Affili\u00e9 avec le R\u00e9seau ACSioN (OEAR), un OMEDA devrait \u00eatre: 1. Un vrai OMEDA. &#8220;OMEDA&#8221;, c&#8217;est l&#8217;acronyme qu&#8217;ACSioN utilise pour d\u00e9crire un Organisme qui repr\u00e9sente Majoritairement des \u00c9tudiant.e.s issu.e.s de la Diaspora Africaine. (par ex.: une association africaine, [&hellip;]\" \/>\n<meta property=\"og:url\" content=\"https:\/\/test.acsion.org\/fr\/criteres-dadmissibilite-a-laffiliation-organisationnelle-avec-acsion\/\" \/>\n<meta property=\"og:site_name\" content=\"ACSioN Network of Canada\" \/>\n<meta property=\"article:publisher\" content=\"https:\/\/facebook.com\/acsionnetwork\" \/>\n<meta property=\"article:modified_time\" content=\"2023-05-04T14:49:33+00:00\" \/>\n<meta name=\"twitter:card\" content=\"summary_large_image\" \/>\n<meta name=\"twitter:site\" content=\"@acsionnetwork\" \/>\n<meta name=\"twitter:label1\" content=\"Dur\u00e9e de lecture estim\u00e9e\" \/>\n\t<meta name=\"twitter:data1\" content=\"2 minutes\" \/>\n<script type=\"application\/ld+json\" class=\"yoast-schema-graph\">{\"@context\":\"https:\\\/\\\/schema.org\",\"@graph\":[{\"@type\":\"WebPage\",\"@id\":\"https:\\\/\\\/test.acsion.org\\\/fr\\\/criteres-dadmissibilite-a-laffiliation-organisationnelle-avec-acsion\\\/\",\"url\":\"https:\\\/\\\/test.acsion.org\\\/fr\\\/criteres-dadmissibilite-a-laffiliation-organisationnelle-avec-acsion\\\/\",\"name\":\"Crit\u00e8res d'admissibilit\u00e9 \u00e0 l'affiliation organisationnelle avec ACSioN - ACSioN Network of Canada\",\"isPartOf\":{\"@id\":\"https:\\\/\\\/test.acsion.org\\\/fr\\\/#website\"},\"datePublished\":\"2023-05-04T13:55:51+00:00\",\"dateModified\":\"2023-05-04T14:49:33+00:00\",\"breadcrumb\":{\"@id\":\"https:\\\/\\\/test.acsion.org\\\/fr\\\/criteres-dadmissibilite-a-laffiliation-organisationnelle-avec-acsion\\\/#breadcrumb\"},\"inLanguage\":\"fr-FR\",\"potentialAction\":[{\"@type\":\"ReadAction\",\"target\":[\"https:\\\/\\\/test.acsion.org\\\/fr\\\/criteres-dadmissibilite-a-laffiliation-organisationnelle-avec-acsion\\\/\"]}]},{\"@type\":\"BreadcrumbList\",\"@id\":\"https:\\\/\\\/test.acsion.org\\\/fr\\\/criteres-dadmissibilite-a-laffiliation-organisationnelle-avec-acsion\\\/#breadcrumb\",\"itemListElement\":[{\"@type\":\"ListItem\",\"position\":1,\"name\":\"Home\",\"item\":\"https:\\\/\\\/test.acsion.org\\\/fr\\\/\"},{\"@type\":\"ListItem\",\"position\":2,\"name\":\"Crit\u00e8res d&#8217;admissibilit\u00e9 \u00e0 l&#8217;affiliation organisationnelle avec ACSioN\"}]},{\"@type\":\"WebSite\",\"@id\":\"https:\\\/\\\/test.acsion.org\\\/fr\\\/#website\",\"url\":\"https:\\\/\\\/test.acsion.org\\\/fr\\\/\",\"name\":\"ACSioN Network of Canada\",\"description\":\"Welcome to the ACSioN Network of Canada \\\/\\\/ Bienvenue au R\u00e9seau ACSioN du Canada\",\"publisher\":{\"@id\":\"https:\\\/\\\/test.acsion.org\\\/fr\\\/#organization\"},\"potentialAction\":[{\"@type\":\"SearchAction\",\"target\":{\"@type\":\"EntryPoint\",\"urlTemplate\":\"https:\\\/\\\/test.acsion.org\\\/fr\\\/?s={search_term_string}\"},\"query-input\":{\"@type\":\"PropertyValueSpecification\",\"valueRequired\":true,\"valueName\":\"search_term_string\"}}],\"inLanguage\":\"fr-FR\"},{\"@type\":\"Organization\",\"@id\":\"https:\\\/\\\/test.acsion.org\\\/fr\\\/#organization\",\"name\":\"ACSioN Network of Canada\",\"url\":\"https:\\\/\\\/test.acsion.org\\\/fr\\\/\",\"logo\":{\"@type\":\"ImageObject\",\"inLanguage\":\"fr-FR\",\"@id\":\"https:\\\/\\\/test.acsion.org\\\/fr\\\/#\\\/schema\\\/logo\\\/image\\\/\",\"url\":\"https:\\\/\\\/test.acsion.org\\\/wp-content\\\/uploads\\\/2019\\\/02\\\/20110201-ACSioN-Network-Logoext.png\",\"contentUrl\":\"https:\\\/\\\/test.acsion.org\\\/wp-content\\\/uploads\\\/2019\\\/02\\\/20110201-ACSioN-Network-Logoext.png\",\"width\":625,\"height\":228,\"caption\":\"ACSioN Network of Canada\"},\"image\":{\"@id\":\"https:\\\/\\\/test.acsion.org\\\/fr\\\/#\\\/schema\\\/logo\\\/image\\\/\"},\"sameAs\":[\"https:\\\/\\\/facebook.com\\\/acsionnetwork\",\"https:\\\/\\\/x.com\\\/acsionnetwork\",\"https:\\\/\\\/www.instagram.com\\\/acsioncanada\",\"https:\\\/\\\/www.linkedin.com\\\/company\\\/acsion-network\\\/\",\"https:\\\/\\\/www.youtube.com\\\/user\\\/ACSioNNetworkMedia\"]}]}<\/script>\n<!-- \/ Yoast SEO plugin. -->","yoast_head_json":{"title":"Crit\u00e8res d'admissibilit\u00e9 \u00e0 l'affiliation organisationnelle avec ACSioN - ACSioN Network of Canada","robots":{"index":"noindex","follow":"follow","max-snippet":"max-snippet:-1","max-image-preview":"max-image-preview:large","max-video-preview":"max-video-preview:-1"},"og_locale":"fr_FR","og_type":"article","og_title":"Crit\u00e8res d'admissibilit\u00e9 \u00e0 l'affiliation organisationnelle avec ACSioN - ACSioN Network of Canada","og_description":"Afin d&#8217;obtenir ou conserver son affiliation avec ACSioN Canada, et donc son statut en tant qu&#8217;Organisme d&#8217;\u00c9tudiants Affili\u00e9 avec le R\u00e9seau ACSioN (OEAR), un OMEDA devrait \u00eatre: 1. Un vrai OMEDA. &#8220;OMEDA&#8221;, c&#8217;est l&#8217;acronyme qu&#8217;ACSioN utilise pour d\u00e9crire un Organisme qui repr\u00e9sente Majoritairement des \u00c9tudiant.e.s issu.e.s de la Diaspora Africaine. (par ex.: une association africaine, [&hellip;]","og_url":"https:\/\/test.acsion.org\/fr\/criteres-dadmissibilite-a-laffiliation-organisationnelle-avec-acsion\/","og_site_name":"ACSioN Network of Canada","article_publisher":"https:\/\/facebook.com\/acsionnetwork","article_modified_time":"2023-05-04T14:49:33+00:00","twitter_card":"summary_large_image","twitter_site":"@acsionnetwork","twitter_misc":{"Dur\u00e9e de lecture estim\u00e9e":"2 minutes"},"schema":{"@context":"https:\/\/schema.org","@graph":[{"@type":"WebPage","@id":"https:\/\/test.acsion.org\/fr\/criteres-dadmissibilite-a-laffiliation-organisationnelle-avec-acsion\/","url":"https:\/\/test.acsion.org\/fr\/criteres-dadmissibilite-a-laffiliation-organisationnelle-avec-acsion\/","name":"Crit\u00e8res d'admissibilit\u00e9 \u00e0 l'affiliation organisationnelle avec ACSioN - ACSioN Network of Canada","isPartOf":{"@id":"https:\/\/test.acsion.org\/fr\/#website"},"datePublished":"2023-05-04T13:55:51+00:00","dateModified":"2023-05-04T14:49:33+00:00","breadcrumb":{"@id":"https:\/\/test.acsion.org\/fr\/criteres-dadmissibilite-a-laffiliation-organisationnelle-avec-acsion\/#breadcrumb"},"inLanguage":"fr-FR","potentialAction":[{"@type":"ReadAction","target":["https:\/\/test.acsion.org\/fr\/criteres-dadmissibilite-a-laffiliation-organisationnelle-avec-acsion\/"]}]},{"@type":"BreadcrumbList","@id":"https:\/\/test.acsion.org\/fr\/criteres-dadmissibilite-a-laffiliation-organisationnelle-avec-acsion\/#breadcrumb","itemListElement":[{"@type":"ListItem","position":1,"name":"Home","item":"https:\/\/test.acsion.org\/fr\/"},{"@type":"ListItem","position":2,"name":"Crit\u00e8res d&#8217;admissibilit\u00e9 \u00e0 l&#8217;affiliation organisationnelle avec ACSioN"}]},{"@type":"WebSite","@id":"https:\/\/test.acsion.org\/fr\/#website","url":"https:\/\/test.acsion.org\/fr\/","name":"ACSioN Network of Canada","description":"Welcome to the ACSioN Network of Canada \/\/ Bienvenue au R\u00e9seau ACSioN du Canada","publisher":{"@id":"https:\/\/test.acsion.org\/fr\/#organization"},"potentialAction":[{"@type":"SearchAction","target":{"@type":"EntryPoint","urlTemplate":"https:\/\/test.acsion.org\/fr\/?s={search_term_string}"},"query-input":{"@type":"PropertyValueSpecification","valueRequired":true,"valueName":"search_term_string"}}],"inLanguage":"fr-FR"},{"@type":"Organization","@id":"https:\/\/test.acsion.org\/fr\/#organization","name":"ACSioN Network of Canada","url":"https:\/\/test.acsion.org\/fr\/","logo":{"@type":"ImageObject","inLanguage":"fr-FR","@id":"https:\/\/test.acsion.org\/fr\/#\/schema\/logo\/image\/","url":"https:\/\/test.acsion.org\/wp-content\/uploads\/2019\/02\/20110201-ACSioN-Network-Logoext.png","contentUrl":"https:\/\/test.acsion.org\/wp-content\/uploads\/2019\/02\/20110201-ACSioN-Network-Logoext.png","width":625,"height":228,"caption":"ACSioN Network of Canada"},"image":{"@id":"https:\/\/test.acsion.org\/fr\/#\/schema\/logo\/image\/"},"sameAs":["https:\/\/facebook.com\/acsionnetwork","https:\/\/x.com\/acsionnetwork","https:\/\/www.instagram.com\/acsioncanada","https:\/\/www.linkedin.com\/company\/acsion-network\/","https:\/\/www.youtube.com\/user\/ACSioNNetworkMedia"]}]}},"jetpack_sharing_enabled":true,"_links":{"self":[{"href":"https:\/\/test.acsion.org\/fr\/wp-json\/wp\/v2\/pages\/6285","targetHints":{"allow":["GET"]}}],"collection":[{"href":"https:\/\/test.acsion.org\/fr\/wp-json\/wp\/v2\/pages"}],"about":[{"href":"https:\/\/test.acsion.org\/fr\/wp-json\/wp\/v2\/types\/page"}],"author":[{"embeddable":true,"href":"https:\/\/test.acsion.org\/fr\/wp-json\/wp\/v2\/users\/1"}],"replies":[{"embeddable":true,"href":"https:\/\/test.acsion.org\/fr\/wp-json\/wp\/v2\/comments?post=6285"}],"version-history":[{"count":31,"href":"https:\/\/test.acsion.org\/fr\/wp-json\/wp\/v2\/pages\/6285\/revisions"}],"predecessor-version":[{"id":6326,"href":"https:\/\/test.acsion.org\/fr\/wp-json\/wp\/v2\/pages\/6285\/revisions\/6326"}],"wp:attachment":[{"href":"https:\/\/test.acsion.org\/fr\/wp-json\/wp\/v2\/media?parent=6285"}],"curies":[{"name":"wp","href":"https:\/\/api.w.org\/{rel}","templated":true}]}}